{"id":7983,"date":"2022-04-29T19:43:23","date_gmt":"2022-04-29T19:43:23","guid":{"rendered":"https:\/\/www.elephantintheroom.hu\/?page_id=7983"},"modified":"2022-05-13T13:40:14","modified_gmt":"2022-05-13T13:40:14","slug":"kapcsolat","status":"publish","type":"page","link":"https:\/\/www.elephantintheroom.hu\/?page_id=7983","title":{"rendered":"Kapcsolat"},"content":{"rendered":"\t\t<div data-elementor-type=\"wp-page\" data-elementor-id=\"7983\" class=\"elementor elementor-7983\">\n\t\t\t\t\t\t<section class=\"elementor-section elementor-top-section elementor-element elementor-element-1ba8eef elementor-section-full_width elementor-section-height-default elementor-section-height-default\" data-id=\"1ba8eef\" data-element_type=\"section\">\n\t\t\t\t\t\t<div class=\"elementor-container elementor-column-gap-default\">\n\t\t\t\t\t<div class=\"elementor-column elementor-col-33 elementor-top-column elementor-element elementor-element-be479a7\" data-id=\"be479a7\" data-element_type=\"column\">\n\t\t\t<div class=\"elementor-widget-wrap\">\n\t\t\t\t\t\t\t<\/div>\n\t\t<\/div>\n\t\t\t\t<div class=\"elementor-column elementor-col-33 elementor-top-column elementor-element elementor-element-80d0f24\" data-id=\"80d0f24\" data-element_type=\"column\">\n\t\t\t<div class=\"elementor-widget-wrap elementor-element-populated\">\n\t\t\t\t\t\t<div class=\"elementor-element elementor-element-dd75a68 elementor-widget-mobile__width-initial elementor-widget elementor-widget-heading\" data-id=\"dd75a68\" data-element_type=\"widget\" data-widget_type=\"heading.default\">\n\t\t\t\t<div class=\"elementor-widget-container\">\n\t\t\t\t\t<h2 class=\"elementor-heading-title elementor-size-default\">Vegy\u00fck fel a kapcsolatot,<br>\nsz\u00edvesen hallan\u00e1nk fel\u0151led!<\/h2>\t\t\t\t<\/div>\n\t\t\t\t<\/div>\n\t\t\t\t<div class=\"elementor-element elementor-element-1fc003b elementor-widget-mobile__width-initial elementor-hidden-desktop elementor-widget elementor-widget-image\" data-id=\"1fc003b\" data-element_type=\"widget\" data-widget_type=\"image.default\">\n\t\t\t\t<div class=\"elementor-widget-container\">\n\t\t\t\t\t\t\t\t\t\t\t\t\t\t\t<img decoding=\"async\" width=\"100\" height=\"100\" src=\"https:\/\/www.elephantintheroom.hu\/wp-content\/uploads\/2022\/04\/Contact-e1650985860314.jpg\" class=\"attachment-large size-large wp-image-6745\" alt=\"\" \/>\t\t\t\t\t\t\t\t\t\t\t\t\t\t\t<\/div>\n\t\t\t\t<\/div>\n\t\t\t\t\t<\/div>\n\t\t<\/div>\n\t\t\t\t<div class=\"elementor-column elementor-col-33 elementor-top-column elementor-element elementor-element-247043c\" data-id=\"247043c\" data-element_type=\"column\">\n\t\t\t<div class=\"elementor-widget-wrap elementor-element-populated\">\n\t\t\t\t\t\t<section class=\"elementor-section elementor-inner-section elementor-element elementor-element-c1cdb1f elementor-section-full_width elementor-hidden-tablet elementor-hidden-mobile elementor-section-height-default elementor-section-height-default\" data-id=\"c1cdb1f\" data-element_type=\"section\">\n\t\t\t\t\t\t<div class=\"elementor-container elementor-column-gap-default\">\n\t\t\t\t\t<div class=\"elementor-column elementor-col-100 elementor-inner-column elementor-element elementor-element-94a068e\" data-id=\"94a068e\" data-element_type=\"column\">\n\t\t\t<div class=\"elementor-widget-wrap elementor-element-populated\">\n\t\t\t\t\t\t<div class=\"elementor-element elementor-element-8b955bb elementor-widget elementor-widget-image\" data-id=\"8b955bb\" data-element_type=\"widget\" data-widget_type=\"image.default\">\n\t\t\t\t<div class=\"elementor-widget-container\">\n\t\t\t\t\t\t\t\t\t\t\t\t\t\t\t<img decoding=\"async\" src=\"https:\/\/www.elephantintheroom.hu\/wp-content\/uploads\/elementor\/thumbs\/Contact-1-rd1ke22axsailnfbzhj2bt0fv4yuvkds8pvvadyl7s.jpg\" title=\"Contact\" alt=\"Contact\" loading=\"lazy\" \/>\t\t\t\t\t\t\t\t\t\t\t\t\t\t\t<\/div>\n\t\t\t\t<\/div>\n\t\t\t\t\t<\/div>\n\t\t<\/div>\n\t\t\t\t\t<\/div>\n\t\t<\/section>\n\t\t\t\t\t<\/div>\n\t\t<\/div>\n\t\t\t\t\t<\/div>\n\t\t<\/section>\n\t\t\t\t<section class=\"elementor-section elementor-top-section elementor-element elementor-element-c23e773 elementor-section-boxed elementor-section-height-default elementor-section-height-default\" data-id=\"c23e773\" data-element_type=\"section\">\n\t\t\t\t\t\t<div class=\"elementor-container elementor-column-gap-default\">\n\t\t\t\t\t<div class=\"elementor-column elementor-col-33 elementor-top-column elementor-element elementor-element-b9f83ed elementor-hidden-tablet elementor-hidden-mobile\" data-id=\"b9f83ed\" data-element_type=\"column\">\n\t\t\t<div class=\"elementor-widget-wrap\">\n\t\t\t\t\t\t\t<\/div>\n\t\t<\/div>\n\t\t\t\t<div class=\"elementor-column elementor-col-33 elementor-top-column elementor-element elementor-element-6128a63\" data-id=\"6128a63\" data-element_type=\"column\">\n\t\t\t<div class=\"elementor-widget-wrap elementor-element-populated\">\n\t\t\t\t\t\t<div class=\"elementor-element elementor-element-45f1873 leave-us elementor-widget elementor-widget-text-editor\" data-id=\"45f1873\" data-element_type=\"widget\" data-widget_type=\"text-editor.default\">\n\t\t\t\t<div class=\"elementor-widget-container\">\n\t\t\t\t\t\t\t\t\t<p><span style=\"color: #28c9bd;\">Hagyj nek\u00fcnk \u00fczenetet, mi pedig v\u00e1laszolunk r\u00e1.<\/span><\/p>\t\t\t\t\t\t\t\t<\/div>\n\t\t\t\t<\/div>\n\t\t\t\t<div class=\"elementor-element elementor-element-7f607eb elementor-widget__width-initial elementor-widget elementor-widget-shortcode\" data-id=\"7f607eb\" data-element_type=\"widget\" data-widget_type=\"shortcode.default\">\n\t\t\t\t<div class=\"elementor-widget-container\">\n\t\t\t\t\t\t\t<div class=\"elementor-shortcode\">\n<div class=\"wpcf7 no-js\" id=\"wpcf7-f11207-o1\" lang=\"en-US\" dir=\"ltr\" data-wpcf7-id=\"11207\">\n<div class=\"screen-reader-response\"><p role=\"status\" aria-live=\"polite\" aria-atomic=\"true\"><\/p> <ul><\/ul><\/div>\n<form action=\"\/index.php?rest_route=%2Fwp%2Fv2%2Fpages%2F7983#wpcf7-f11207-o1\" method=\"post\" class=\"wpcf7-form init\" aria-label=\"Contact form\" novalidate=\"novalidate\" data-status=\"init\">\n<fieldset class=\"hidden-fields-container\"><input type=\"hidden\" name=\"_wpcf7\" value=\"11207\" \/><input type=\"hidden\" name=\"_wpcf7_version\" value=\"6.1.2\" \/><input type=\"hidden\" name=\"_wpcf7_locale\" value=\"en_US\" \/><input type=\"hidden\" name=\"_wpcf7_unit_tag\" value=\"wpcf7-f11207-o1\" \/><input type=\"hidden\" name=\"_wpcf7_container_post\" value=\"0\" \/><input type=\"hidden\" name=\"_wpcf7_posted_data_hash\" value=\"\" \/><input type=\"hidden\" name=\"_cf7a__timestamp\" value=\"JSp2mZ1FSyTmsMFJWum0uQ==\" \/><input type=\"hidden\" name=\"_cf7a_version\" value=\"1.0\" \/><input type=\"hidden\" name=\"_cf7a_address\" value=\"gWYNWNI8YWH4TCOwdZY\/aQ==\" \/><input type=\"hidden\" name=\"_cf7a_referer\" value=\"05lKP+kOlyLvHgG2SaK2ZA==\" \/><input type=\"hidden\" name=\"_cf7a_protocol\" value=\"HHHZfio2pY4uZa\/bk6J\/NA==\" \/><input type=\"hidden\" name=\"_cf7a_bot_fingerprint\" value=\"JSp2mZ1FSyTmsMFJWum0uQ==\" \/><input type=\"hidden\" name=\"_cf7a_bot_fingerprint_extras\" \/><input type=\"hidden\" name=\"_cf7a_append_on_submit\" \/>\n<\/fieldset>\n<div class=\"cf7div\">\n\t<div class=\"form-row deplace\">\n\t\t<p><span class=\"wpcf7-form-control-wrap\" data-name=\"your-name\"><input type=\"text\" name=\"name\" value=\"\" autocomplete=\"fill\" class=\"fit-the-fullspace\" aria-hidden=\"true\" tabindex=\"-1\" \/><input size=\"40\" maxlength=\"400\" class=\"wpcf7-form-control wpcf7-text wpcf7-validates-as-required\" aria-required=\"true\" aria-invalid=\"false\" value=\"\" type=\"text\" name=\"your-name\" \/><\/span><label for=\"your-name\">N\u00e9v \/ C\u00e9g *<\/label>\n\t\t<\/p>\n\t<\/div>\n\t<div class=\"form-row deplace\">\n\t\t<p><span class=\"wpcf7-form-control-wrap\" data-name=\"your-email\"><input size=\"40\" maxlength=\"400\" class=\"wpcf7-form-control wpcf7-email wpcf7-validates-as-required wpcf7-text wpcf7-validates-as-email\" aria-required=\"true\" aria-invalid=\"false\" value=\"\" type=\"email\" name=\"your-email\" \/><\/span><label for=\"your-email\">E-mail *<\/label>\n\t\t<\/p>\n\t<\/div>\n\t<div class=\"form-row deplace\">\n\t\t<p><span class=\"wpcf7-form-control-wrap\" data-name=\"your-message\"><textarea cols=\"10\" rows=\"6\" maxlength=\"2000\" class=\"wpcf7-form-control wpcf7-textarea wpcf7-validates-as-required\" aria-required=\"true\" aria-invalid=\"false\" name=\"your-message\"><\/textarea><\/span><label for=\"your-message\">\u00dczenete *<\/label>\n\t\t<\/p>\n\t<\/div>\n\t<p>Math Captcha <span class=\"wpcf7-form-control-wrap mathcaptcha-426\">3 &#215; <input size=\"2\" maxlength=\"2\" class=\"wpcf7-form-control wpcf7-mathcaptcha\" aria-required=\"true\" type=\"text\" name=\"mathcaptcha-426\" value=\"\" \/><input type=\"text\" name=\"address\" value=\"\" autocomplete=\"fill\" class=\"fit-the-fullspace\" aria-hidden=\"true\" tabindex=\"-1\" \/> = 2&#x31;<\/span><input type=\"hidden\" value=\"0\" name=\"mathcaptcha-426-sn\" \/>\n\t<\/p>\n\t<div class=\"form-row\" align=\"right\">\n\t\t<p><input class=\"wpcf7-form-control wpcf7-submit has-spinner\" type=\"submit\" value=\"K\u00fcld\u00e9s\" \/>\n\t\t<\/p>\n\t<\/div>\n\t<div id=\"showonsubmit\" onclick=\"this.classList.remove('showsent');\">\n\t\t<p><img decoding=\"async\" src=\"\/wp-content\/uploads\/Magyar-megkapta.png\" alt=\"Az elef\u00e1nt megkapta \u00fczenet\u00e9t\" \/>\n\t\t<\/p>\n\t<\/div>\n<\/div>\n<ul>\n\t<li>\n\t\t<p>Telefon: +36 70 882 8805\n\t\t<\/p>\n\t<\/li>\n\t<li>\n\t\t<p>Email: <a href=\"mailto:elephant@intheroom.hu\">elephant@intheroom.hu<\/a>\n\t\t<\/p>\n\t<\/li>\n<\/ul>\n<style>\ninput,textarea{\n padding: 3px 6px !important;\n}\nlabel{\n display: inline-block !important;\n width: 100% !important;\n padding: 3px 6px !important;\n z-index: -1;\n height: 3rem !important;\n}\n#showonsubmit{\n position: fixed; \n display: flex;\n align-items: center;\n justify-content: center;\n opacity: 0;\n transition: opacity 2s ease-in-out;\n top:0; \n left: 0;\n margin: 0 auto;\n pointer-events: none;\n z-index: 40;\n background-color: rgba(255,255,255,.75);\n width: 100%;\n height: 100%;\n max-width: 100%;\n max-height: 100%;\n}\n.showsent{\n opacity: 1 !important;\n pointer-events: initial !important;\n cursor: pointer;\n}\n<\/style><p style=\"display: none !important;\" class=\"akismet-fields-container\" data-prefix=\"_wpcf7_ak_\"><label>&#916;<textarea name=\"_wpcf7_ak_hp_textarea\" cols=\"45\" rows=\"8\" maxlength=\"100\"><\/textarea><\/label><input type=\"hidden\" id=\"ak_js_1\" name=\"_wpcf7_ak_js\" value=\"72\"\/><script>document.getElementById( \"ak_js_1\" ).setAttribute( \"value\", ( new Date() ).getTime() );<\/script><\/p><div class=\"wpcf7-response-output\" aria-hidden=\"true\"><\/div>\n<\/form>\n<\/div>\n<\/div>\n\t\t\t\t\t\t<\/div>\n\t\t\t\t<\/div>\n\t\t\t\t\t<\/div>\n\t\t<\/div>\n\t\t\t\t<div class=\"elementor-column elementor-col-33 elementor-top-column elementor-element elementor-element-cc08e3e\" data-id=\"cc08e3e\" data-element_type=\"column\">\n\t\t\t<div class=\"elementor-widget-wrap\">\n\t\t\t\t\t\t\t<\/div>\n\t\t<\/div>\n\t\t\t\t\t<\/div>\n\t\t<\/section>\n\t\t\t\t<\/div>\n\t\t","protected":false},"excerpt":{"rendered":"<p>Vegy\u00fck fel a kapcsolatot, sz\u00edvesen hallan\u00e1nk fel\u0151led! Hagyj nek\u00fcnk \u00fczenetet, mi pedig v\u00e1laszolunk r\u00e1.<\/p>\n","protected":false},"author":1,"featured_media":0,"parent":0,"menu_order":0,"comment_status":"closed","ping_status":"closed","template":"","meta":{"footnotes":""},"class_list":["post-7983","page","type-page","status-publish","hentry","isotope-item"],"_links":{"self":[{"href":"https:\/\/www.elephantintheroom.hu\/index.php?rest_route=\/wp\/v2\/pages\/7983","targetHints":{"allow":["GET"]}}],"collection":[{"href":"https:\/\/www.elephantintheroom.hu\/index.php?rest_route=\/wp\/v2\/pages"}],"about":[{"href":"https:\/\/www.elephantintheroom.hu\/index.php?rest_route=\/wp\/v2\/types\/page"}],"author":[{"embeddable":true,"href":"https:\/\/www.elephantintheroom.hu\/index.php?rest_route=\/wp\/v2\/users\/1"}],"replies":[{"embeddable":true,"href":"https:\/\/www.elephantintheroom.hu\/index.php?rest_route=%2Fwp%2Fv2%2Fcomments&post=7983"}],"version-history":[{"count":0,"href":"https:\/\/www.elephantintheroom.hu\/index.php?rest_route=\/wp\/v2\/pages\/7983\/revisions"}],"wp:attachment":[{"href":"https:\/\/www.elephantintheroom.hu\/index.php?rest_route=%2Fwp%2Fv2%2Fmedia&parent=7983"}],"curies":[{"name":"wp","href":"https:\/\/api.w.org\/{rel}","templated":true}]}}